{"id":1000024,"date":"2026-02-20T12:37:11","date_gmt":"2026-02-20T12:37:11","guid":{"rendered":"https:\/\/luvaria.com\/impressum\/"},"modified":"2026-02-22T09:56:51","modified_gmt":"2026-02-22T09:56:51","slug":"imprint","status":"publish","type":"page","link":"https:\/\/luvaria.com\/fr\/imprint\/","title":{"rendered":"Imprint"},"content":{"rendered":"<!-- Legal document generated by Complianz | GDPR\/CCPA Cookie Consent https:\/\/wordpress.org\/plugins\/complianz-gdpr -->\n<div id=\"cmplz-document\" class=\"cmplz-document impressum cmplz-document-all\"><p><i>Cette imprint a \u00e9t\u00e9 mise \u00e0 jour pour la derni\u00e8re fois le f\u00e9vrier 21, 2026.<\/i><\/p><p class=\"cmplz-subtitle\">Le propri\u00e9taire de ce site web est\u00a0:<\/p><p>Murtaza Nazari Einzelunternehmerin<br>Schumanngasse 52<br>Autriche<br>E-mail\u00a0:&nbsp;<span class=\"cmplz-obfuscate\">&#099;o&#110;ta&#099;t@<span class=\"cmplz-fmail-domain\">ex.c&#111;&#109;<\/span>&#108;uv&#097;&#114;&#105;&#097;.com<\/span><br>Num\u00e9ro de t\u00e9l\u00e9phone\u00a0: 06781275554<br><\/p><h2>1. G\u00e9n\u00e9ral<\/h2><p>Nous sommes dispos\u00e9s ou oblig\u00e9s de participer \u00e0 des proc\u00e9dures de r\u00e8glement des litiges devant une commission d\u2019arbitrage des consommateurs.<\/p><h2>2. Les informations suivantes sont obligatoires selon la loi allemande.<\/h2><p class=\"cmplz-subtitle\">2.1 Unsere Berufshaftpflichtversicherung lautet:<\/p><p>Unternehmensgegenstand:<br \/>\nHandel mit Waren \u00fcber das Internet<br \/>\n<br \/>\nBeh\u00f6rde gem\u00e4\u00df ECG:<br \/>\nWirtschaftskammer Wien<br \/>\nPraterstra\u00dfe 1<br \/>\n1020 Wien<br \/>\n\u00d6sterreich<br \/>\n<br \/>\nMitglied der Wirtschaftskammer Wien<br \/>\n<br \/>\nVerbraucher haben die M\u00f6glichkeit, Beschwerden an die Online-Streitbeilegungsplattform der EU zu richten:<br \/>\nhttps:\/\/ec.europa.eu\/consumers\/odr<br \/>\n<br \/>\nWir sind nicht verpflichtet und nicht bereit, an einem Streitbeilegungsverfahren vor einer Verbraucherschlichtungsstelle teilzunehmen.<\/p><\/div>","protected":false},"excerpt":{"rendered":"","protected":false},"author":1,"featured_media":0,"parent":0,"menu_order":0,"comment_status":"closed","ping_status":"closed","template":"","meta":{"iawp_total_views":0,"footnotes":""},"class_list":["post-1000024","page","type-page","status-publish","hentry"],"_links":{"self":[{"href":"https:\/\/luvaria.com\/fr\/wp-json\/wp\/v2\/pages\/1000024","targetHints":{"allow":["GET"]}}],"collection":[{"href":"https:\/\/luvaria.com\/fr\/wp-json\/wp\/v2\/pages"}],"about":[{"href":"https:\/\/luvaria.com\/fr\/wp-json\/wp\/v2\/types\/page"}],"author":[{"embeddable":true,"href":"https:\/\/luvaria.com\/fr\/wp-json\/wp\/v2\/users\/1"}],"replies":[{"embeddable":true,"href":"https:\/\/luvaria.com\/fr\/wp-json\/wp\/v2\/comments?post=1000024"}],"version-history":[{"count":1,"href":"https:\/\/luvaria.com\/fr\/wp-json\/wp\/v2\/pages\/1000024\/revisions"}],"predecessor-version":[{"id":1000762,"href":"https:\/\/luvaria.com\/fr\/wp-json\/wp\/v2\/pages\/1000024\/revisions\/1000762"}],"wp:attachment":[{"href":"https:\/\/luvaria.com\/fr\/wp-json\/wp\/v2\/media?parent=1000024"}],"curies":[{"name":"wp","href":"https:\/\/api.w.org\/{rel}","templated":true}]}}