{"id":1000055,"date":"2026-02-20T13:37:35","date_gmt":"2026-02-20T13:37:35","guid":{"rendered":"https:\/\/luvaria.com\/terms-and-conditions\/"},"modified":"2026-02-20T13:37:35","modified_gmt":"2026-02-20T13:37:35","slug":"vilkar-og-betingelser","status":"publish","type":"page","link":"https:\/\/luvaria.com\/da\/vilkar-og-betingelser\/","title":{"rendered":"Vilk\u00e5r og betingelser"},"content":{"rendered":"<!-- This legal document was generated by Complianz Terms &amp; Conditions https:\/\/wordpress.org\/plugins\/complianz-terms-conditions -->\n<div id=\"cmplz-document\" class=\"cmplz-document cmplz-terms-conditions\"><p><i>Vilk\u00e5r &amp; betingelser blev sidst opdateret den februar 20, 2026<\/i><\/p><h2>1. Indledning<\/h2><p>Disse vilk\u00e5r og betingelser g\u00e6lder for denne hjemmeside og for transaktioner relateret til vores produkter og tjenester.&nbsp;Du kan v\u00e6re bundet af yderligere kontrakter relateret til dit forhold til os, eller produkter eller tjenester, som du modtager fra os.&nbsp;Hvis nogle af bestemmelserne i de yderligere kontrakter er i konflikt med dele af bestemmelserne i disse vilk\u00e5r, vil bestemmelserne i disse yderligere kontrakter kontrollere og have forrang.<\/p><h2>2. Bindende<\/h2><p>Ved at registrere dig hos, f\u00e5 adgang til eller p\u00e5 anden m\u00e5de bruge denne hjemmeside, accepterer du hermed at v\u00e6re bundet af disse vilk\u00e5r og betingelser, der er angivet nedenfor.&nbsp;Alene brugen af denne hjemmeside indeb\u00e6rer kendskab til og accept af disse vilk\u00e5r og betingelser.&nbsp;I nogle s\u00e6rlige tilf\u00e6lde kan vi ogs\u00e5 bede dig udtrykkeligt at acceptere.<\/p><h2>3. Elektronisk kommunikation<\/h2><p>Ved at bruge denne hjemmeside eller kommunikere med os ad elektronisk vej, accepterer og anerkender du, at vi kan kommunikere med dig elektronisk p\u00e5 vores hjemmeside eller ved at sende en e-mail til dig, og du accepterer, at alle aftaler, meddelelser, offentligg\u00f8relser og anden kommunikation, som vi give dig elektronisk opfyldelse af ethvert lovkrav, herunder, men ikke begr\u00e6nset til, kravet om, at s\u00e5dan kommunikation skal v\u00e6re skriftlig.<\/p><h2>4. Intellektuel ejendom<\/h2><p>Vi eller vores licensgivere ejer og kontrollerer alle ophavsrettigheder og andre intellektuelle ejendomsrettigheder p\u00e5 webstedet og de data, informationer og andre ressourcer, der vises af eller er tilg\u00e6ngelige p\u00e5 webstedet.<\/p><p class=\"cmplz-subtitle\">4.1 Alle rettigheder er forbeholdt<\/p><p>Medmindre specifikt indhold dikterer andet, tildeles du ikke en licens eller nogen anden ret under ophavsret, varem\u00e6rke, patent eller andre intellektuelle ejendomsrettigheder.&nbsp;Dette betyder, at du ikke vil bruge, kopiere, reproducere, udf\u00f8re, vise, distribuere, indlejre i noget elektronisk medie, \u00e6ndre, reverse engineering, dekompilere, overf\u00f8re, downloade, overf\u00f8re, tjene penge p\u00e5, s\u00e6lge, markedsf\u00f8re eller kommercialisere nogen ressourcer p\u00e5 denne hjemmeside i enhver form, uden vores forudg\u00e5ende skriftlige tilladelse, undtagen og kun i det omfang andet er fastsat i ufravigelige lovbestemmelser (s\u00e5som citatretten).<\/p><h2>5. Nyhedsbrev<\/h2><p>Uanset ovenst\u00e5ende kan du videresende vores nyhedsbrev i elektronisk form til andre, der kan v\u00e6re interesserede i at bes\u00f8ge vores hjemmeside.<\/p><h2>6. Tredjeparts ejendom<\/h2><p>Vores hjemmeside kan indeholde hyperlinks eller andre referencer til andre parters hjemmesider.&nbsp;Vi overv\u00e5ger eller gennemg\u00e5r ikke indholdet af andre parters hjemmesider, som der linkes til fra denne hjemmeside.&nbsp;Produkter eller tjenester, der tilbydes af andre websteder, er underlagt de g\u00e6ldende vilk\u00e5r og betingelser for disse tredjeparter.&nbsp;Udtalte meninger eller materiale, der vises p\u00e5 disse websteder, deles eller st\u00f8ttes ikke n\u00f8dvendigvis af os.<\/p><p>Vi vil ikke v\u00e6re ansvarlige for nogen privatlivspraksis eller indhold p\u00e5 disse websteder.&nbsp;Du b\u00e6rer alle risici forbundet med brugen af disse websteder og eventuelle relaterede tredjepartstjenester.&nbsp;Vi p\u00e5tager os intet ansvar for tab eller skader p\u00e5 nogen m\u00e5de, uanset hvordan de er for\u00e5rsaget, som f\u00f8lge af din videregivelse til tredjeparter af personlige oplysninger.<\/p><h2>7. Ansvarlig brug<\/h2><p>Ved at bes\u00f8ge vores hjemmeside accepterer du kun at bruge den til de tilsigtede form\u00e5l og som tilladt i disse vilk\u00e5r, eventuelle yderligere kontrakter med os og g\u00e6ldende love, regler og generelt accepteret online praksis og industriretningslinjer.&nbsp;Du m\u00e5 ikke bruge vores website eller tjenester til at bruge, offentligg\u00f8re eller distribuere noget materiale, der best\u00e5r af (eller er linket til) ondsindet computersoftware; bruge data indsamlet fra vores website til nogen direkte marketingaktivitet, eller udf\u00f8re systematiske eller automatiserede dataindsamlingsaktiviteter p\u00e5 eller i relation til vores website.<\/p><p>Det er strengt forbudt at engagere sig i enhver aktivitet, der for\u00e5rsager eller kan for\u00e5rsage skade p\u00e5 websitet eller som forstyrrer ydeevnen, tilg\u00e6ngeligheden eller tilg\u00e6ngeligheden af websitet.<\/p><h2>8. Registrering<\/h2><p>Du kan registrere dig for en konto p\u00e5 vores website.&nbsp;Under denne proces kan du blive bedt om at v\u00e6lge en adgangskode.&nbsp;Du er ansvarlig for at opretholde fortrolighed med passwords og kontooplysninger og accepterer ikke at dele dine passwords, kontooplysninger eller sikret adgang til vores website eller tjenester med nogen anden person.&nbsp;Du m\u00e5 ikke tillade, at andre personer bruger din konto til at tilg\u00e5 websitet, da du er ansvarlig for alle aktiviteter, der foreg\u00e5r ved brug af dine passwords eller konti.&nbsp;Du skal straks underrette os, hvis du bliver opm\u00e6rksom p\u00e5 enhver afsl\u00f8ring af din adgangskode.<\/p><p>Efter kontoopsigelse vil du ikke fors\u00f8ge at registrere en ny konto uden vores tilladelse.<\/p><h2>9. Politik for refundering og returnerede varer<\/h2><p class=\"cmplz-subtitle\">9.1 Fortrydelsesret<\/p><p>Du har ret til at annullere denne kontrakt inden for 30 dage uden at angive nogen grund.<\/p><p>Fortrydelsesfristen udl\u00f8ber efter 30 dage fra den dag, hvor du erhverver, eller en anden tredjepart end transport\u00f8ren og angivet af dig, erhverver fysisk besiddelse af varerne.<\/p><p>For at ud\u00f8ve fortrydelsesretten skal du informere os om din beslutning om at fortryde denne kontrakt med en utvetydig erkl\u00e6ring (f.eks. et brev sendt med post, fax eller e-mail).&nbsp;Vores kontaktoplysninger kan findes nedenfor.&nbsp;You may use the attached model <a target=\"_blank\" href=\"https:\/\/luvaria.com\/wp-content\/uploads\/complianz\/withdrawal-forms\/withdrawal-form-da.pdf\">withdrawal form<\/a>, but it is not obligatory.<\/p><p>Hvis du bruger denne mulighed, vil vi uden forsinkelse meddele dig en bekr\u00e6ftelse p\u00e5 modtagelsen af en s\u00e5dan tilbagetr\u00e6kning p\u00e5 et varigt medium (for eksempel via e-mail).<\/p><p>For at overholde fortrydelsesfristen er det tilstr\u00e6kkeligt, at du sender din meddelelse vedr\u00f8rende din udnyttelse af fortrydelsesretten, inden fortrydelsesfristen er udl\u00f8bet.<\/p><p class=\"cmplz-subtitle\">9.2 Effects of withdrawal<\/p><p>Hvis du fortryder denne kontrakt, refunderer vi dig alle betalinger modtaget fra dig, inklusive leveringsomkostninger (med undtagelse af de ekstra omkostninger, der f\u00f8lger af dit valg af en anden type levering end den billigste type standardlevering, der tilbydes af os), uden un\u00f8dig forsinkelse og under alle omst\u00e6ndigheder ikke senere end 14 dage fra den dag, hvor vi er informeret om din beslutning om at fortryde denne kontrakt.&nbsp;Vi vil udf\u00f8re en s\u00e5dan tilbagebetaling ved hj\u00e6lp af samme betalingsmiddel, som du brugte til den f\u00f8rste transaktion, medmindre du udtrykkeligt har aftalt andet; under alle omst\u00e6ndigheder vil du ikke p\u00e5drage dig gebyrer som f\u00f8lge af en s\u00e5dan tilbagebetaling.<\/p><p>Du skal sende varerne tilbage eller aflevere dem til os eller en person, der er autoriseret af os til at modtage varerne, uden un\u00f8dig forsinkelse og under alle omst\u00e6ndigheder ikke senere end 14 dage fra den dag, hvor du meddeler os din fortrydelse af denne kontrakt.&nbsp;Fristen er overholdt, hvis du sender varerne tilbage inden fristen p\u00e5 14 dage er udl\u00f8bet.<\/p><p>Vi kan tilbageholde tilbagebetalingen, indtil vi har modtaget varerne retur, eller du har fremlagt dokumentation for at have sendt varerne tilbage, alt efter hvad der er tidligst.<\/p><p>Du skal afholde de direkte omkostninger ved returnering af varerne.<\/p><p>Du h\u00e6fter kun for en eventuel forringet v\u00e6rdi af varerne som f\u00f8lge af anden h\u00e5ndtering, end hvad der er n\u00f8dvendigt for at fastsl\u00e5 varens art, egenskaber og funktion.<\/p><p>V\u00e6r opm\u00e6rksom p\u00e5, at der er nogle juridiske undtagelser fra fortrydelsesretten, og nogle varer kan derfor ikke returneres eller byttes. &nbsp;Vi giver dig besked, hvis dette g\u00e6lder i netop dit tilf\u00e6lde.<\/p><h2>10. Indsendelse af id\u00e9<\/h2><p>Indsend ikke ideer, opfindelser, forfatterskabsv\u00e6rker eller anden information, der kan betragtes som din egen intellektuelle ejendom, som du gerne vil pr\u00e6sentere for os, medmindre vi f\u00f8rst har underskrevet en aftale vedr\u00f8rende den intellektuelle ejendomsret eller en fortrolighedserkl\u00e6ring.&nbsp;Hvis du afsl\u00f8rer det til os uden en s\u00e5dan skriftlig aftale, giver du os en verdensomsp\u00e6ndende, uigenkaldelig, ikke-eksklusiv, royaltyfri licens til at bruge, reproducere, gemme, tilpasse, udgive, overs\u00e6tte og distribuere dit indhold i eksisterende eller fremtidige medier .<\/p><h2>11. Oph\u00f8r af brug<\/h2><p>Vi kan efter eget sk\u00f8n til enhver tid \u00e6ndre eller afbryde adgangen til, midlertidigt eller permanent, websted eller en hvilken som helst tjeneste derp\u00e5.&nbsp;Du accepterer, at vi ikke vil v\u00e6re ansvarlige over for dig eller nogen tredjepart for en s\u00e5dan \u00e6ndring, suspension eller afbrydelse af din adgang til eller brug af webstedet eller noget indhold, som du m\u00e5tte have delt p\u00e5 webstedet.&nbsp;Du vil ikke v\u00e6re berettiget til nogen form for kompensation eller anden betaling, selvom visse funktioner, indstillinger og\/eller noget indhold, du har bidraget med eller er kommet til at stole p\u00e5, g\u00e5r tabt permanent.&nbsp;Du m\u00e5 ikke omg\u00e5 eller bypass, eller fors\u00f8ge at omg\u00e5 elle p\u00e5 enhver m\u00e5de at bypass nogen adgangsbegr\u00e6nsnet foranstaltninger p\u00e5 vores hjemmeside.<\/p><h2>12. Garantier og ansvar<\/h2><p>Intet i denne sektion vil begr\u00e6nse eller udelukke enhver garanti underforst\u00e5et ved lov, som det ville v\u00e6re ulovligt at begr\u00e6nse eller udelukke.&nbsp;Dette websted og alt indhold p\u00e5 hjemmesiden leveres p\u00e5 en \"som den er\" og \"som tilg\u00e6ngelig\" basis og kan indeholde un\u00f8jagtigheder eller typografiske fejl.&nbsp;Vi fraskriver os udtrykkeligt alle garantier af enhver art, hvad enten det er udtrykkeligt eller underforst\u00e5et, med hensyn til tilg\u00e6ngeligheden, n\u00f8jagtigheden eller fuldst\u00e6ndigheden af indholdet.&nbsp;Vi giver ingen garanti for, at:<\/p><p><ul>\n\t\t\t\t<li>dette websted eller vores produkter eller tjenester opfylder dine krav;<\/li>\n\t\t\t\t<li>denne websted vil v\u00e6re tilg\u00e6ngelig p\u00e5 en uafbrudt, rettidig, sikker eller fejlfri basis;<\/li>\n\t\t\t\t<li>kvaliteten af ethvert produkt eller service, som du har k\u00f8bt eller opn\u00e5et via denne websted, vil opfylde dine forventninger.<\/li>\n\t\t\t<\/ul><\/p><p>Intet p\u00e5 denne hjemmeside udg\u00f8r eller er beregnet til at udg\u00f8re juridisk, finansiel eller medicinsk r\u00e5dgivning af nogen art.&nbsp;If you require advice you should consult an appropriate professional.<\/p><p>F\u00f8lgende bestemmelser i dette afsnit vil g\u00e6lde i det maksimale omfang, det er tilladt i henhold til g\u00e6ldende lov, og vil ikke begr\u00e6nse eller udelukke vores ansvar i forhold til noget, som det ville v\u00e6re ulovligt eller ulovligt for os at begr\u00e6nse eller udelukke vores ansvar.&nbsp;Vi vil under ingen omst\u00e6ndigheder v\u00e6re ansvarlige for nogen direkte eller indirekte skader (herunder eventuelle skader for tab af fortjeneste eller indt\u00e6gt, tab eller korruption af data, software eller database, eller tab af eller skade p\u00e5 ejendom eller data) p\u00e5draget af dig eller tredjemand part, som f\u00f8lge af din adgang til eller brug af vores hjemmeside.<\/p><p>Medmindre andet udtrykkeligt er angivet i en till\u00e6gskontrakt, er vores maksimale ansvar over for dig for alle skader, der opst\u00e5r som f\u00f8lge af eller relateret til hjemmesiden eller produkter og tjenester, der markedsf\u00f8res eller s\u00e6lges via hjemmesiden, uanset den form for juridiske skridt, der p\u00e5l\u00e6gger ansvar ( uanset om det er i kontrakt, retf\u00e6rdighed, uagtsomhed, tilsigtet adf\u00e6rd, tort eller andet) vil v\u00e6re begr\u00e6nset til den samlede pris, du har betalt til os for at k\u00f8be s\u00e5danne produkter eller tjenester eller bruge hjemmesiden.&nbsp;En s\u00e5dan gr\u00e6nse vil g\u00e6lde samlet for alle dine krav, handlinger og sager af enhver art og art.<\/p><h2>13. Privatliv<\/h2><p>For at f\u00e5 adgang til vores websted og\/eller tjenester kan du blive bedt om at give visse oplysninger om dig selv som en del af registreringsprocessen.&nbsp;Du accepterer, at enhver information, du giver, altid vil v\u00e6re n\u00f8jagtig, korrekt og opdateret.<\/p><p>Vi tager dine personlige data seri\u00f8st og er forpligtet til at beskytte dit privatliv.&nbsp;Vi vil ikke bruge din e-mailadresse til uopfordret post.&nbsp;Eventuelle e-mails sendt af os til dig vil kun v\u00e6re i forbindelse med levering af aftalte produkter eller tjenester.<\/p><p>Vi har udviklet en politik for at h\u00e5ndtere eventuelle bekymringer omkring privatliv, som du m\u00e5tte have.&nbsp;For more information, please see our <a href=\"https:\/\/luvaria.com\/da\/datenschutzerklaerung-eu\/?cmplz_region_redirect=true\">Privacy Statement<\/a> and our <a href=\"https:\/\/luvaria.com\/da\/cookie-policy\/\">Cookie Policy<\/a>.<\/p><h2>14. Eksportrestriktioner \/ Lovlig overholdelse<\/h2><p>Adgang til webstedet fra territorier eller lande, hvor indholdet eller k\u00f8b af produkter eller tjenester, der s\u00e6lges p\u00e5 webstedet, er ulovligt, er forbudt.&nbsp;Du m\u00e5 ikke bruge denne hjemmeside i strid med eksportlove og regler i \u00d8strig.<\/p><h2>15. Opgave<\/h2><p>Du m\u00e5 ikke overdrage, overf\u00f8re eller underkontrahere nogen af dine rettigheder og\/eller forpligtelser i henhold til disse Vilk\u00e5r og betingelser, hverken helt eller delvist, til nogen tredjepart uden vores forudg\u00e5ende skriftlige samtykke.&nbsp;Du m\u00e5 ikke overdrage, overf\u00f8re eller underkontrahere nogen af dine rettigheder og\/eller forpligtelser i henhold til disse Vilk\u00e5r og betingelser, hverken helt eller delvist, til nogen tredjepart uden vores forudg\u00e5ende skriftlige samtykke.<\/p><h2>16. Overtr\u00e6delser af disse Vilk\u00e5r og betingelser<\/h2><p>Uden at forringe vores \u00f8vrige rettigheder i henhold til disse Vilk\u00e5r og betingelser, hvis du bryder disse Vilk\u00e5r og betingelser p\u00e5 nogen m\u00e5de, kan vi tr\u00e6ffe de foranstaltninger, vi anser for passende for at h\u00e5ndtere overtr\u00e6delsen. Dette kan omfatte midlertidig eller permanent suspendering af din adgang til hjemmesiden, kontakt med din internetudbyder for at anmode om blokering af din adgang til hjemmesiden og\/eller indledning af retlige skridt mod dig.<\/p><h2>17. Force majeure<\/h2><p>Med undtagelse af forpligtelser til at betale penge i henhold til denne aftale vil enhver forsinkelse, fiasko eller fors\u00f8mmelse fra hverken partens side med at udf\u00f8re eller overholde nogen af dens forpligtelser i henhold til denne aftale ikke blive anset som en overtr\u00e6delse af disse Vilk\u00e5r og betingelser, s\u00e5 l\u00e6nge og i det omfang en s\u00e5dan forsinkelse, fiasko eller fors\u00f8mmelse skyldes enhver \u00e5rsag uden for den p\u00e5g\u00e6ldende parts rimelige kontrol.<\/p><h2>18. Skadesl\u00f8sholdelse<\/h2><p>Du accepterer at skadesl\u00f8sholde, forsvare og holde os skadesl\u00f8se fra og imod ethvert krav, ansvar, skader, tab og udgifter relateret til din overtr\u00e6delse af disse vilk\u00e5r og betingelser og g\u00e6ldende love, herunder intellektuelle ejendomsrettigheder og privatlivsrettigheder.&nbsp;Du vil umiddelbart erstatte vores skader, tab, omkostninger og udgifter relateret til sagsh\u00e5ndtering.<\/p><h2>19. Afkald<\/h2><p>Manglende h\u00e5ndh\u00e6velse af nogen af bestemmelserne angivet i disse vilk\u00e5r og betingelser og enhver aftale, eller undladelse af at ud\u00f8ve en valgmulighed for at opsige, skal ikke fortolkes som afkald p\u00e5 s\u00e5danne bestemmelser og skal ikke p\u00e5virke gyldigheden af disse vilk\u00e5r og betingelser eller af evt. Aftale eller enhver del heraf, eller ret til derefter at h\u00e5ndh\u00e6ve hver eneste bestemmelse.<\/p><h2>20. Sprog<\/h2><p>Disse vilk\u00e5r og betingelser vil udelukkende blive fortolket og fortolket i Engelsk.&nbsp;Alle meddelelser og korrespondance vil udelukkende blive skrevet p\u00e5 det p\u00e5g\u00e6ldende sprog.<\/p><h2>21. Hele aftalen<\/h2><p>These Terms and Conditions, together with our <a href=\"https:\/\/luvaria.com\/da\/datenschutzerklaerung-eu\/?cmplz_region_redirect=true\">privacy statement<\/a> and <a href=\"https:\/\/luvaria.com\/da\/cookie-policy\/\">cookie policy<\/a>, constitute the entire agreement between you and Murtaza Nazari in relation to your use of this website.<\/p><h2>22. Opdatering af disse vilk\u00e5r og betingelser<\/h2><p>Vi kan opdatere disse vilk\u00e5r og betingelser fra tid til anden.&nbsp;Den dato, der er angivet i begyndelsen af disse vilk\u00e5r og betingelser, er den seneste revisionsdato.&nbsp;Du modtager en skriftlig p\u00e5mindelse om \u00e6ndringer eller opdateringer. De reviderede vilk\u00e5r og betingelser vil v\u00e6re g\u00e6ldende fra den p\u00e5g\u00e6ldende dato, vi sender denne p\u00e5mindelse.&nbsp;Din fortsatte anvendelse af dette websted efter \u00e6ndringer og opdateringer anses som din accept af disse vilk\u00e5r og betingelser.&nbsp;For at indhente en tidligere version af disse vilk\u00e5r og betingelser, bedes du kontakte os.<\/p><h2>23. Valg af lov og lovgivning<\/h2><p>Disse vilk\u00e5r og betingelser h\u00e5ndh\u00e6ves under loven i \u00d8strig.&nbsp;Enhver tvist i relation til disse vilk\u00e5r og betingelser er underlagt lovgivningen og domstole i \u00d8strig.&nbsp;Hvis nogen del eller indhold af disse vilk\u00e5r og betingelser vurderes ugyldig eller uden mulighed for h\u00e5ndh\u00e6velse af en domstol eller anden myndighed indenfor lovens rammer, tilrettes, slettes eller\/og h\u00e5ndh\u00e6ves dette til det lovgivningsm\u00e6ssigt mulige, med henblik p\u00e5 at opfylde form\u00e5let med disse vilk\u00e5r og betingelser.&nbsp;De \u00f8vrige bestemmelser bliver ikke p\u00e5virket.<\/p><h2>24. Kontaktoplysninger<\/h2><p>Dette websted ejes og administreres af Murtaza Nazari<\/p><p>Du kan kontakte os ang\u00e5ende Vilk\u00e5r og Betingelser ved at skrive til os p\u00e5 f\u00f8lgende adresse: &#099;&#111;ntact&#064;luv&#097;&#114;&#105;&#097;&#046;&#099;o&#109;<br>Schumanngasse 52\/3<br \/>\r\n1170 Wien <\/p><h2>25. Download<\/h2><p>You can also <a href=\"https:\/\/luvaria.com\/wp-content\/plugins\/complianz-terms-conditions\/download.php\">download<\/a> our Terms and Conditions as a PDF.<\/p><\/div>","protected":false},"excerpt":{"rendered":"","protected":false},"author":1,"featured_media":0,"parent":0,"menu_order":0,"comment_status":"closed","ping_status":"closed","template":"","meta":{"footnotes":""},"class_list":["post-1000055","page","type-page","status-publish","hentry"],"_links":{"self":[{"href":"https:\/\/luvaria.com\/da\/wp-json\/wp\/v2\/pages\/1000055","targetHints":{"allow":["GET"]}}],"collection":[{"href":"https:\/\/luvaria.com\/da\/wp-json\/wp\/v2\/pages"}],"about":[{"href":"https:\/\/luvaria.com\/da\/wp-json\/wp\/v2\/types\/page"}],"author":[{"embeddable":true,"href":"https:\/\/luvaria.com\/da\/wp-json\/wp\/v2\/users\/1"}],"replies":[{"embeddable":true,"href":"https:\/\/luvaria.com\/da\/wp-json\/wp\/v2\/comments?post=1000055"}],"version-history":[{"count":0,"href":"https:\/\/luvaria.com\/da\/wp-json\/wp\/v2\/pages\/1000055\/revisions"}],"wp:attachment":[{"href":"https:\/\/luvaria.com\/da\/wp-json\/wp\/v2\/media?parent=1000055"}],"curies":[{"name":"wp","href":"https:\/\/api.w.org\/{rel}","templated":true}]}}