{"id":1000024,"date":"2026-02-20T12:37:11","date_gmt":"2026-02-20T12:37:11","guid":{"rendered":"https:\/\/luvaria.com\/impressum\/"},"modified":"2026-02-22T09:56:51","modified_gmt":"2026-02-22T09:56:51","slug":"imprint","status":"publish","type":"page","link":"https:\/\/luvaria.com\/da\/imprint\/","title":{"rendered":"Imprint"},"content":{"rendered":"<!-- Legal document generated by Complianz | GDPR\/CCPA Cookie Consent https:\/\/wordpress.org\/plugins\/complianz-gdpr -->\n<div id=\"cmplz-document\" class=\"cmplz-document impressum cmplz-document-all\"><p><i>This imprint was last updated on februar 21, 2026.<\/i><\/p><p class=\"cmplz-subtitle\">The owner of this website is:<\/p><p>Murtaza Nazari Einzelunternehmerin<br>Schumanngasse 52<br>Austria<br>Email:&nbsp;<span class=\"cmplz-obfuscate\">&#099;&#111;n&#116;a&#099;&#116;@<span class=\"cmplz-fmail-domain\">e&#120;&#046;com<\/span>l&#117;v&#097;ri&#097;.&#099;&#111;m<\/span><br>Phone number: 06781275554<br><\/p><h2>1. General<\/h2><p>We are willing or obliged to participate in dispute resolution procedures before a consumer arbitration board.<\/p><h2>2. The following information is mandatory according to German law.<\/h2><p class=\"cmplz-subtitle\">2.1 Unsere Berufshaftpflichtversicherung lautet:<\/p><p>Unternehmensgegenstand:<br \/>\nHandel mit Waren \u00fcber das Internet<br \/>\n<br \/>\nBeh\u00f6rde gem\u00e4\u00df ECG:<br \/>\nWirtschaftskammer Wien<br \/>\nPraterstra\u00dfe 1<br \/>\n1020 Wien<br \/>\n\u00d6sterreich<br \/>\n<br \/>\nMitglied der Wirtschaftskammer Wien<br \/>\n<br \/>\nVerbraucher haben die M\u00f6glichkeit, Beschwerden an die Online-Streitbeilegungsplattform der EU zu richten:<br \/>\nhttps:\/\/ec.europa.eu\/consumers\/odr<br \/>\n<br \/>\nWir sind nicht verpflichtet und nicht bereit, an einem Streitbeilegungsverfahren vor einer Verbraucherschlichtungsstelle teilzunehmen.<\/p><\/div>","protected":false},"excerpt":{"rendered":"","protected":false},"author":1,"featured_media":0,"parent":0,"menu_order":0,"comment_status":"closed","ping_status":"closed","template":"","meta":{"iawp_total_views":0,"footnotes":""},"class_list":["post-1000024","page","type-page","status-publish","hentry"],"_links":{"self":[{"href":"https:\/\/luvaria.com\/da\/wp-json\/wp\/v2\/pages\/1000024","targetHints":{"allow":["GET"]}}],"collection":[{"href":"https:\/\/luvaria.com\/da\/wp-json\/wp\/v2\/pages"}],"about":[{"href":"https:\/\/luvaria.com\/da\/wp-json\/wp\/v2\/types\/page"}],"author":[{"embeddable":true,"href":"https:\/\/luvaria.com\/da\/wp-json\/wp\/v2\/users\/1"}],"replies":[{"embeddable":true,"href":"https:\/\/luvaria.com\/da\/wp-json\/wp\/v2\/comments?post=1000024"}],"version-history":[{"count":1,"href":"https:\/\/luvaria.com\/da\/wp-json\/wp\/v2\/pages\/1000024\/revisions"}],"predecessor-version":[{"id":1000762,"href":"https:\/\/luvaria.com\/da\/wp-json\/wp\/v2\/pages\/1000024\/revisions\/1000762"}],"wp:attachment":[{"href":"https:\/\/luvaria.com\/da\/wp-json\/wp\/v2\/media?parent=1000024"}],"curies":[{"name":"wp","href":"https:\/\/api.w.org\/{rel}","templated":true}]}}